{"id":178,"date":"2026-01-09T21:15:07","date_gmt":"2026-01-09T20:15:07","guid":{"rendered":"https:\/\/www.2050.it\/?page_id=178"},"modified":"2026-01-09T21:30:32","modified_gmt":"2026-01-09T20:30:32","slug":"media-literacy","status":"publish","type":"page","link":"https:\/\/www.2050.it\/en\/media-literacy\/","title":{"rendered":"Media Literacy"},"content":{"rendered":"<div class=\"wp-block-group alignfull is-style-ext-preset--group--natural-1--section has-background-background-color has-background has-global-padding is-layout-constrained wp-container-core-group-is-layout-e955bbaf wp-block-group-is-layout-constrained\" style=\"margin-top:0;margin-bottom:0;padding-top:var(--wp--preset--spacing--70);padding-bottom:var(--wp--preset--spacing--70)\">\n<div class=\"wp-block-columns alignwide are-vertically-aligned-center is-layout-flex wp-container-core-columns-is-layout-174606dc wp-block-columns-is-layout-flex\">\n<div class=\"wp-block-column is-vertically-aligned-center is-layout-flow wp-block-column-is-layout-flow\">\n<div class=\"wp-block-group alignwide is-vertical is-layout-flex wp-container-core-group-is-layout-c35747d5 wp-block-group-is-layout-flex\">\n<div class=\"wp-block-group has-global-padding is-layout-constrained wp-container-core-group-is-layout-dd32767c wp-block-group-is-layout-constrained\">\n<h3 class=\"wp-block-heading\">Media Literacy Project<\/h3>\n\n\n\n<p>L\u2019uso consapevole dei mezzi di comunicazione per interpretare la realt\u00e0 complessa che ci circonda e per scopi educativi dei giovani, fin da una giovane et\u00e0 \u00e8 stato il focus delle attivit\u00e0 del progetto che 2050 ha svolto con l\u2019<a href=\"http:\/\/icportogruaro2.edu.it\/\">Istituto Comprensivo Dario Bertolini<\/a>&nbsp;of Portogruaro in 2015, during the second quarter of the school year.<\/p>\n\n\n\n<p>L\u2019iniziativa, frutto di una convenzione fra la scuola e 2050, ha portato alla realizzazione di due workshop: il primo dedicato agli insegnanti allo scopo di migliorare le competenze sull\u2019uso del videomaking a scopi educativi.<\/p>\n\n\n\n<p>Il secondo \u00e8 stato un laboratorio di giornalismo con i ragazzi di seconda e terza media che si \u00e8 concentrato sullo sviluppo di competenze di comunicazione, produzione e uso dei media per comprendere meglio le dinamiche della comunit\u00e0 scolastica e cittadina.<\/p>\n\n\n\n<p>Abbiamo costruito un comitato di redazione e svolto interviste, girato servizi e utilizzato muovi media per ottenere informazioni e fare sondaggi.<\/p>\n\n\n\n<p>Il risultato \u00e8 stato la creazione del blog\u00a0<a href=\"https:\/\/vocedellostudente.wixsite.com\/redazionebertolini\/single-post\/2015\/05\/30\/la-voce-dello-studente-una-finestra-sul-mondo\" title=\"\">http:\/\/vocedellostudente.wixsite.com\/redazionebertolini<\/a>\u00a0dove alcuni dei lavori dei ragazzi sono stati pubblicati.<\/p>\n<\/div>\n<\/div>\n<\/div>\n\n\n\n<div class=\"wp-block-column is-vertically-aligned-center is-layout-flow wp-block-column-is-layout-flow\">\n<figure class=\"wp-block-gallery has-nested-images columns-default is-cropped wp-block-gallery-3 is-layout-flex wp-block-gallery-is-layout-flex\">\n<figure class=\"wp-block-image size-large is-style-ext-preset--image--natural-1--image-1--content-left is-style-ext-preset--image--natural-1--image-1--content-left--2\"><img loading=\"lazy\" decoding=\"async\" width=\"401\" height=\"253\" data-id=\"182\" src=\"https:\/\/www.2050.it\/wp-content\/uploads\/2026\/01\/medialiteracy-edited.avif\" alt=\"\" class=\"wp-image-182\" style=\"aspect-ratio:4\/3;object-fit:cover\" srcset=\"https:\/\/www.2050.it\/wp-content\/uploads\/2026\/01\/medialiteracy-edited.avif 401w, https:\/\/www.2050.it\/wp-content\/uploads\/2026\/01\/medialiteracy-edited-300x189.avif 300w, https:\/\/www.2050.it\/wp-content\/uploads\/2026\/01\/medialiteracy-edited-18x12.avif 18w\" sizes=\"auto, (max-width: 401px) 100vw, 401px\" \/><\/figure>\n<\/figure>\n<\/div>\n<\/div>\n<\/div>","protected":false},"excerpt":{"rendered":"<p>Progetto Media Literacy L\u2019uso consapevole dei mezzi di comunicazione per interpretare la realt\u00e0 complessa che ci circonda e per scopi educativi dei giovani, fin da una giovane et\u00e0 \u00e8 stato il focus delle attivit\u00e0 del progetto che 2050 ha svolto con l\u2019Istituto Comprensivo Dario Bertolini&nbsp;di Portogruaro nel 2015, durante il secondo quadrimestre dell\u2019anno scolastico. L\u2019iniziativa, [&hellip;]<\/p>\n","protected":false},"author":1,"featured_media":0,"parent":0,"menu_order":0,"comment_status":"closed","ping_status":"closed","template":"page-with-title","meta":{"_monsterinsights_skip_tracking":false,"_monsterinsights_sitenote_active":false,"_monsterinsights_sitenote_note":"","_monsterinsights_sitenote_category":0,"footnotes":""},"class_list":["post-178","page","type-page","status-publish","hentry"],"aioseo_notices":[],"yoast_head":"<!-- This site is optimized with the Yoast SEO plugin v27.3 - https:\/\/yoast.com\/product\/yoast-seo-wordpress\/ -->\n<title>Media Literacy -<\/title>\n<meta name=\"robots\" content=\"index, follow, max-snippet:-1, max-image-preview:large, max-video-preview:-1\" \/>\n<link rel=\"canonical\" href=\"https:\/\/www.2050.it\/en\/media-literacy\/\" \/>\n<meta property=\"og:locale\" content=\"en_GB\" \/>\n<meta property=\"og:type\" content=\"article\" \/>\n<meta property=\"og:title\" content=\"Media Literacy -\" \/>\n<meta property=\"og:description\" content=\"Progetto Media Literacy L\u2019uso consapevole dei mezzi di comunicazione per interpretare la realt\u00e0 complessa che ci circonda e per scopi educativi dei giovani, fin da una giovane et\u00e0 \u00e8 stato il focus delle attivit\u00e0 del progetto che 2050 ha svolto con l\u2019Istituto Comprensivo Dario Bertolini&nbsp;di Portogruaro nel 2015, durante il secondo quadrimestre dell\u2019anno scolastico. L\u2019iniziativa, [&hellip;]\" \/>\n<meta property=\"og:url\" content=\"https:\/\/www.2050.it\/en\/media-literacy\/\" \/>\n<meta property=\"article:modified_time\" content=\"2026-01-09T20:30:32+00:00\" \/>\n<meta name=\"twitter:card\" content=\"summary_large_image\" \/>\n<meta name=\"twitter:label1\" content=\"Estimated reading time\" \/>\n\t<meta name=\"twitter:data1\" content=\"1 minute\" \/>\n<script type=\"application\/ld+json\" class=\"yoast-schema-graph\">{\"@context\":\"https:\\\/\\\/schema.org\",\"@graph\":[{\"@type\":\"WebPage\",\"@id\":\"https:\\\/\\\/www.2050.it\\\/media-literacy\\\/\",\"url\":\"https:\\\/\\\/www.2050.it\\\/media-literacy\\\/\",\"name\":\"Media Literacy -\",\"isPartOf\":{\"@id\":\"https:\\\/\\\/www.2050.it\\\/#website\"},\"primaryImageOfPage\":{\"@id\":\"https:\\\/\\\/www.2050.it\\\/media-literacy\\\/#primaryimage\"},\"image\":{\"@id\":\"https:\\\/\\\/www.2050.it\\\/media-literacy\\\/#primaryimage\"},\"thumbnailUrl\":\"https:\\\/\\\/www.2050.it\\\/wp-content\\\/uploads\\\/2026\\\/01\\\/medialiteracy-edited.avif\",\"datePublished\":\"2026-01-09T20:15:07+00:00\",\"dateModified\":\"2026-01-09T20:30:32+00:00\",\"breadcrumb\":{\"@id\":\"https:\\\/\\\/www.2050.it\\\/media-literacy\\\/#breadcrumb\"},\"inLanguage\":\"en-GB\",\"potentialAction\":[{\"@type\":\"ReadAction\",\"target\":[\"https:\\\/\\\/www.2050.it\\\/media-literacy\\\/\"]}]},{\"@type\":\"ImageObject\",\"inLanguage\":\"en-GB\",\"@id\":\"https:\\\/\\\/www.2050.it\\\/media-literacy\\\/#primaryimage\",\"url\":\"https:\\\/\\\/www.2050.it\\\/wp-content\\\/uploads\\\/2026\\\/01\\\/medialiteracy-edited.avif\",\"contentUrl\":\"https:\\\/\\\/www.2050.it\\\/wp-content\\\/uploads\\\/2026\\\/01\\\/medialiteracy-edited.avif\"},{\"@type\":\"BreadcrumbList\",\"@id\":\"https:\\\/\\\/www.2050.it\\\/media-literacy\\\/#breadcrumb\",\"itemListElement\":[{\"@type\":\"ListItem\",\"position\":1,\"name\":\"Home\",\"item\":\"https:\\\/\\\/www.2050.it\\\/\"},{\"@type\":\"ListItem\",\"position\":2,\"name\":\"Media Literacy\"}]},{\"@type\":\"WebSite\",\"@id\":\"https:\\\/\\\/www.2050.it\\\/#website\",\"url\":\"https:\\\/\\\/www.2050.it\\\/\",\"name\":\"\",\"description\":\"Just another WordPress site\",\"potentialAction\":[{\"@type\":\"SearchAction\",\"target\":{\"@type\":\"EntryPoint\",\"urlTemplate\":\"https:\\\/\\\/www.2050.it\\\/?s={search_term_string}\"},\"query-input\":{\"@type\":\"PropertyValueSpecification\",\"valueRequired\":true,\"valueName\":\"search_term_string\"}}],\"inLanguage\":\"en-GB\"}]}<\/script>\n<!-- \/ Yoast SEO plugin. -->","yoast_head_json":{"title":"Media Literacy -","robots":{"index":"index","follow":"follow","max-snippet":"max-snippet:-1","max-image-preview":"max-image-preview:large","max-video-preview":"max-video-preview:-1"},"canonical":"https:\/\/www.2050.it\/en\/media-literacy\/","og_locale":"en_GB","og_type":"article","og_title":"Media Literacy -","og_description":"Progetto Media Literacy L\u2019uso consapevole dei mezzi di comunicazione per interpretare la realt\u00e0 complessa che ci circonda e per scopi educativi dei giovani, fin da una giovane et\u00e0 \u00e8 stato il focus delle attivit\u00e0 del progetto che 2050 ha svolto con l\u2019Istituto Comprensivo Dario Bertolini&nbsp;di Portogruaro nel 2015, durante il secondo quadrimestre dell\u2019anno scolastico. L\u2019iniziativa, [&hellip;]","og_url":"https:\/\/www.2050.it\/en\/media-literacy\/","article_modified_time":"2026-01-09T20:30:32+00:00","twitter_card":"summary_large_image","twitter_misc":{"Estimated reading time":"1 minute"},"schema":{"@context":"https:\/\/schema.org","@graph":[{"@type":"WebPage","@id":"https:\/\/www.2050.it\/media-literacy\/","url":"https:\/\/www.2050.it\/media-literacy\/","name":"Media Literacy -","isPartOf":{"@id":"https:\/\/www.2050.it\/#website"},"primaryImageOfPage":{"@id":"https:\/\/www.2050.it\/media-literacy\/#primaryimage"},"image":{"@id":"https:\/\/www.2050.it\/media-literacy\/#primaryimage"},"thumbnailUrl":"https:\/\/www.2050.it\/wp-content\/uploads\/2026\/01\/medialiteracy-edited.avif","datePublished":"2026-01-09T20:15:07+00:00","dateModified":"2026-01-09T20:30:32+00:00","breadcrumb":{"@id":"https:\/\/www.2050.it\/media-literacy\/#breadcrumb"},"inLanguage":"en-GB","potentialAction":[{"@type":"ReadAction","target":["https:\/\/www.2050.it\/media-literacy\/"]}]},{"@type":"ImageObject","inLanguage":"en-GB","@id":"https:\/\/www.2050.it\/media-literacy\/#primaryimage","url":"https:\/\/www.2050.it\/wp-content\/uploads\/2026\/01\/medialiteracy-edited.avif","contentUrl":"https:\/\/www.2050.it\/wp-content\/uploads\/2026\/01\/medialiteracy-edited.avif"},{"@type":"BreadcrumbList","@id":"https:\/\/www.2050.it\/media-literacy\/#breadcrumb","itemListElement":[{"@type":"ListItem","position":1,"name":"Home","item":"https:\/\/www.2050.it\/"},{"@type":"ListItem","position":2,"name":"Media Literacy"}]},{"@type":"WebSite","@id":"https:\/\/www.2050.it\/#website","url":"https:\/\/www.2050.it\/","name":"","description":"Just another WordPress site","potentialAction":[{"@type":"SearchAction","target":{"@type":"EntryPoint","urlTemplate":"https:\/\/www.2050.it\/?s={search_term_string}"},"query-input":{"@type":"PropertyValueSpecification","valueRequired":true,"valueName":"search_term_string"}}],"inLanguage":"en-GB"}]}},"_links":{"self":[{"href":"https:\/\/www.2050.it\/en\/wp-json\/wp\/v2\/pages\/178","targetHints":{"allow":["GET"]}}],"collection":[{"href":"https:\/\/www.2050.it\/en\/wp-json\/wp\/v2\/pages"}],"about":[{"href":"https:\/\/www.2050.it\/en\/wp-json\/wp\/v2\/types\/page"}],"author":[{"embeddable":true,"href":"https:\/\/www.2050.it\/en\/wp-json\/wp\/v2\/users\/1"}],"replies":[{"embeddable":true,"href":"https:\/\/www.2050.it\/en\/wp-json\/wp\/v2\/comments?post=178"}],"version-history":[{"count":3,"href":"https:\/\/www.2050.it\/en\/wp-json\/wp\/v2\/pages\/178\/revisions"}],"predecessor-version":[{"id":190,"href":"https:\/\/www.2050.it\/en\/wp-json\/wp\/v2\/pages\/178\/revisions\/190"}],"wp:attachment":[{"href":"https:\/\/www.2050.it\/en\/wp-json\/wp\/v2\/media?parent=178"}],"curies":[{"name":"wp","href":"https:\/\/api.w.org\/{rel}","templated":true}]}}