{"id":258,"date":"2026-01-13T09:45:26","date_gmt":"2026-01-13T08:45:26","guid":{"rendered":"https:\/\/www.2050.it\/?page_id=258"},"modified":"2026-01-13T09:45:33","modified_gmt":"2026-01-13T08:45:33","slug":"progetto-dbasket","status":"publish","type":"page","link":"https:\/\/www.2050.it\/en\/progetto-dbasket\/","title":{"rendered":"Progetto D&#8217;basket"},"content":{"rendered":"<div class=\"wp-block-group alignfull is-style-ext-preset--group--natural-1--section has-background-background-color has-background has-global-padding is-layout-constrained wp-block-group-is-layout-constrained\" style=\"margin-top:0;margin-bottom:0;padding-top:var(--wp--preset--spacing--70);padding-bottom:var(--wp--preset--spacing--70)\">\n<div class=\"wp-block-columns alignwide are-vertically-aligned-top is-layout-flex wp-container-core-columns-is-layout-174606dc wp-block-columns-is-layout-flex\">\n<div class=\"wp-block-column is-vertically-aligned-top is-layout-flow wp-block-column-is-layout-flow\">\n<figure class=\"wp-block-image is-style-ext-preset--image--natural-1--image-1--content-right is-style-ext-preset--image--natural-1--image-1--content-right--2\"><img loading=\"lazy\" decoding=\"async\" width=\"1280\" height=\"800\" src=\"https:\/\/www.2050.it\/wp-content\/uploads\/2026\/01\/83ea153eadb12504c15a46f5c91aa1d9f59ae6b9.jpg\" alt=\"\" class=\"wp-image-204\" style=\"aspect-ratio:1;object-fit:cover\" srcset=\"https:\/\/www.2050.it\/wp-content\/uploads\/2026\/01\/83ea153eadb12504c15a46f5c91aa1d9f59ae6b9.jpg 1280w, https:\/\/www.2050.it\/wp-content\/uploads\/2026\/01\/83ea153eadb12504c15a46f5c91aa1d9f59ae6b9-300x188.jpg 300w, https:\/\/www.2050.it\/wp-content\/uploads\/2026\/01\/83ea153eadb12504c15a46f5c91aa1d9f59ae6b9-1024x640.jpg 1024w, https:\/\/www.2050.it\/wp-content\/uploads\/2026\/01\/83ea153eadb12504c15a46f5c91aa1d9f59ae6b9-768x480.jpg 768w, https:\/\/www.2050.it\/wp-content\/uploads\/2026\/01\/83ea153eadb12504c15a46f5c91aa1d9f59ae6b9-18x12.jpg 18w\" sizes=\"auto, (max-width: 1280px) 100vw, 1280px\" \/><\/figure>\n<\/div>\n\n\n\n<div class=\"wp-block-column is-vertically-aligned-top is-layout-flow wp-block-column-is-layout-flow\">\n<div class=\"wp-block-group alignwide is-vertical is-layout-flex wp-container-core-group-is-layout-c35747d5 wp-block-group-is-layout-flex\">\n<div class=\"wp-block-group has-global-padding is-layout-constrained wp-container-core-group-is-layout-dd32767c wp-block-group-is-layout-constrained\">\n<h2 class=\"wp-block-heading\">D\u2019basket<\/h2>\n\n\n\n<p>D\u2019basket \u00e8 un progetto che 2050 ha sviluppato in coerenza con le attivit\u00e0 e le finalit\u00e0 dei progetti sviluppati e dell\u2019esperienza accumulata negli anni precedenti.<\/p>\n\n\n\n<p>Con questo progetto siamo riusciti a mettere insieme 3 scuole del ciclo primario e secondario in Veneto (San Don\u00e0 di Piave) Slovenia (Koper) e Croazia (Pula) e tre ONG per portare avanti il concetto di sviluppo delle capacit\u00e0 di affrontare con spirito positivo e pensiero critico il lavoro di operatori e giovanissimi.<\/p>\n\n\n\n<p>In particolare lavoreremo insieme fino alla primavera del 2019 per sviluppare:<\/p>\n\n\n\n<ul class=\"wp-block-list\">\n<li>Competenze di base interpersonali e interculturali sia per i ragazzi che per gli educatori<\/li>\n\n\n\n<li>Media literacy, ICT e creativit\u00e0<\/li>\n\n\n\n<li>Imprenditorialit\u00e0 e spirito di iniziativa<\/li>\n<\/ul>\n\n\n\n<p>Il sito ufficiale del progetto, realizzato da 2050, \u00e8&nbsp;<a href=\"http:\/\/www.dbasket.eu\/it\/\">www.dbasket.eu<\/a><\/p>\n<\/div>\n\n\n\n<div class=\"wp-block-buttons is-layout-flex wp-block-buttons-is-layout-flex\"><\/div>\n<\/div>\n<\/div>\n<\/div>\n<\/div>","protected":false},"excerpt":{"rendered":"<p>D\u2019basket D\u2019basket \u00e8 un progetto che 2050 ha sviluppato in coerenza con le attivit\u00e0 e le finalit\u00e0 dei progetti sviluppati e dell\u2019esperienza accumulata negli anni precedenti. Con questo progetto siamo riusciti a mettere insieme 3 scuole del ciclo primario e secondario in Veneto (San Don\u00e0 di Piave) Slovenia (Koper) e Croazia (Pula) e tre ONG [&hellip;]<\/p>\n","protected":false},"author":1,"featured_media":0,"parent":0,"menu_order":0,"comment_status":"closed","ping_status":"closed","template":"page-with-title","meta":{"_monsterinsights_skip_tracking":false,"_monsterinsights_sitenote_active":false,"_monsterinsights_sitenote_note":"","_monsterinsights_sitenote_category":0,"footnotes":""},"class_list":["post-258","page","type-page","status-publish","hentry"],"aioseo_notices":[],"yoast_head":"<!-- This site is optimized with the Yoast SEO plugin v27.3 - https:\/\/yoast.com\/product\/yoast-seo-wordpress\/ -->\n<title>Progetto D&#039;basket -<\/title>\n<meta name=\"robots\" content=\"index, follow, max-snippet:-1, max-image-preview:large, max-video-preview:-1\" \/>\n<link rel=\"canonical\" href=\"https:\/\/www.2050.it\/en\/progetto-dbasket\/\" \/>\n<meta property=\"og:locale\" content=\"en_GB\" \/>\n<meta property=\"og:type\" content=\"article\" \/>\n<meta property=\"og:title\" content=\"Progetto D&#039;basket -\" \/>\n<meta property=\"og:description\" content=\"D\u2019basket D\u2019basket \u00e8 un progetto che 2050 ha sviluppato in coerenza con le attivit\u00e0 e le finalit\u00e0 dei progetti sviluppati e dell\u2019esperienza accumulata negli anni precedenti. Con questo progetto siamo riusciti a mettere insieme 3 scuole del ciclo primario e secondario in Veneto (San Don\u00e0 di Piave) Slovenia (Koper) e Croazia (Pula) e tre ONG [&hellip;]\" \/>\n<meta property=\"og:url\" content=\"https:\/\/www.2050.it\/en\/progetto-dbasket\/\" \/>\n<meta property=\"article:modified_time\" content=\"2026-01-13T08:45:33+00:00\" \/>\n<meta property=\"og:image\" content=\"https:\/\/www.2050.it\/wp-content\/uploads\/2026\/01\/83ea153eadb12504c15a46f5c91aa1d9f59ae6b9.jpg\" \/>\n\t<meta property=\"og:image:width\" content=\"1280\" \/>\n\t<meta property=\"og:image:height\" content=\"800\" \/>\n\t<meta property=\"og:image:type\" content=\"image\/jpeg\" \/>\n<meta name=\"twitter:card\" content=\"summary_large_image\" \/>\n<meta name=\"twitter:label1\" content=\"Estimated reading time\" \/>\n\t<meta name=\"twitter:data1\" content=\"1 minute\" \/>\n<script type=\"application\/ld+json\" class=\"yoast-schema-graph\">{\"@context\":\"https:\\\/\\\/schema.org\",\"@graph\":[{\"@type\":\"WebPage\",\"@id\":\"https:\\\/\\\/www.2050.it\\\/progetto-dbasket\\\/\",\"url\":\"https:\\\/\\\/www.2050.it\\\/progetto-dbasket\\\/\",\"name\":\"Progetto D'basket -\",\"isPartOf\":{\"@id\":\"https:\\\/\\\/www.2050.it\\\/#website\"},\"primaryImageOfPage\":{\"@id\":\"https:\\\/\\\/www.2050.it\\\/progetto-dbasket\\\/#primaryimage\"},\"image\":{\"@id\":\"https:\\\/\\\/www.2050.it\\\/progetto-dbasket\\\/#primaryimage\"},\"thumbnailUrl\":\"https:\\\/\\\/www.2050.it\\\/wp-content\\\/uploads\\\/2026\\\/01\\\/83ea153eadb12504c15a46f5c91aa1d9f59ae6b9.jpg\",\"datePublished\":\"2026-01-13T08:45:26+00:00\",\"dateModified\":\"2026-01-13T08:45:33+00:00\",\"breadcrumb\":{\"@id\":\"https:\\\/\\\/www.2050.it\\\/progetto-dbasket\\\/#breadcrumb\"},\"inLanguage\":\"en-GB\",\"potentialAction\":[{\"@type\":\"ReadAction\",\"target\":[\"https:\\\/\\\/www.2050.it\\\/progetto-dbasket\\\/\"]}]},{\"@type\":\"ImageObject\",\"inLanguage\":\"en-GB\",\"@id\":\"https:\\\/\\\/www.2050.it\\\/progetto-dbasket\\\/#primaryimage\",\"url\":\"https:\\\/\\\/www.2050.it\\\/wp-content\\\/uploads\\\/2026\\\/01\\\/83ea153eadb12504c15a46f5c91aa1d9f59ae6b9.jpg\",\"contentUrl\":\"https:\\\/\\\/www.2050.it\\\/wp-content\\\/uploads\\\/2026\\\/01\\\/83ea153eadb12504c15a46f5c91aa1d9f59ae6b9.jpg\"},{\"@type\":\"BreadcrumbList\",\"@id\":\"https:\\\/\\\/www.2050.it\\\/progetto-dbasket\\\/#breadcrumb\",\"itemListElement\":[{\"@type\":\"ListItem\",\"position\":1,\"name\":\"Home\",\"item\":\"https:\\\/\\\/www.2050.it\\\/\"},{\"@type\":\"ListItem\",\"position\":2,\"name\":\"Progetto D&#8217;basket\"}]},{\"@type\":\"WebSite\",\"@id\":\"https:\\\/\\\/www.2050.it\\\/#website\",\"url\":\"https:\\\/\\\/www.2050.it\\\/\",\"name\":\"\",\"description\":\"Just another WordPress site\",\"potentialAction\":[{\"@type\":\"SearchAction\",\"target\":{\"@type\":\"EntryPoint\",\"urlTemplate\":\"https:\\\/\\\/www.2050.it\\\/?s={search_term_string}\"},\"query-input\":{\"@type\":\"PropertyValueSpecification\",\"valueRequired\":true,\"valueName\":\"search_term_string\"}}],\"inLanguage\":\"en-GB\"}]}<\/script>\n<!-- \/ Yoast SEO plugin. -->","yoast_head_json":{"title":"Progetto D'basket -","robots":{"index":"index","follow":"follow","max-snippet":"max-snippet:-1","max-image-preview":"max-image-preview:large","max-video-preview":"max-video-preview:-1"},"canonical":"https:\/\/www.2050.it\/en\/progetto-dbasket\/","og_locale":"en_GB","og_type":"article","og_title":"Progetto D'basket -","og_description":"D\u2019basket D\u2019basket \u00e8 un progetto che 2050 ha sviluppato in coerenza con le attivit\u00e0 e le finalit\u00e0 dei progetti sviluppati e dell\u2019esperienza accumulata negli anni precedenti. Con questo progetto siamo riusciti a mettere insieme 3 scuole del ciclo primario e secondario in Veneto (San Don\u00e0 di Piave) Slovenia (Koper) e Croazia (Pula) e tre ONG [&hellip;]","og_url":"https:\/\/www.2050.it\/en\/progetto-dbasket\/","article_modified_time":"2026-01-13T08:45:33+00:00","og_image":[{"width":1280,"height":800,"url":"https:\/\/www.2050.it\/wp-content\/uploads\/2026\/01\/83ea153eadb12504c15a46f5c91aa1d9f59ae6b9.jpg","type":"image\/jpeg"}],"twitter_card":"summary_large_image","twitter_misc":{"Estimated reading time":"1 minute"},"schema":{"@context":"https:\/\/schema.org","@graph":[{"@type":"WebPage","@id":"https:\/\/www.2050.it\/progetto-dbasket\/","url":"https:\/\/www.2050.it\/progetto-dbasket\/","name":"Progetto D'basket -","isPartOf":{"@id":"https:\/\/www.2050.it\/#website"},"primaryImageOfPage":{"@id":"https:\/\/www.2050.it\/progetto-dbasket\/#primaryimage"},"image":{"@id":"https:\/\/www.2050.it\/progetto-dbasket\/#primaryimage"},"thumbnailUrl":"https:\/\/www.2050.it\/wp-content\/uploads\/2026\/01\/83ea153eadb12504c15a46f5c91aa1d9f59ae6b9.jpg","datePublished":"2026-01-13T08:45:26+00:00","dateModified":"2026-01-13T08:45:33+00:00","breadcrumb":{"@id":"https:\/\/www.2050.it\/progetto-dbasket\/#breadcrumb"},"inLanguage":"en-GB","potentialAction":[{"@type":"ReadAction","target":["https:\/\/www.2050.it\/progetto-dbasket\/"]}]},{"@type":"ImageObject","inLanguage":"en-GB","@id":"https:\/\/www.2050.it\/progetto-dbasket\/#primaryimage","url":"https:\/\/www.2050.it\/wp-content\/uploads\/2026\/01\/83ea153eadb12504c15a46f5c91aa1d9f59ae6b9.jpg","contentUrl":"https:\/\/www.2050.it\/wp-content\/uploads\/2026\/01\/83ea153eadb12504c15a46f5c91aa1d9f59ae6b9.jpg"},{"@type":"BreadcrumbList","@id":"https:\/\/www.2050.it\/progetto-dbasket\/#breadcrumb","itemListElement":[{"@type":"ListItem","position":1,"name":"Home","item":"https:\/\/www.2050.it\/"},{"@type":"ListItem","position":2,"name":"Progetto D&#8217;basket"}]},{"@type":"WebSite","@id":"https:\/\/www.2050.it\/#website","url":"https:\/\/www.2050.it\/","name":"","description":"Just another WordPress site","potentialAction":[{"@type":"SearchAction","target":{"@type":"EntryPoint","urlTemplate":"https:\/\/www.2050.it\/?s={search_term_string}"},"query-input":{"@type":"PropertyValueSpecification","valueRequired":true,"valueName":"search_term_string"}}],"inLanguage":"en-GB"}]}},"_links":{"self":[{"href":"https:\/\/www.2050.it\/en\/wp-json\/wp\/v2\/pages\/258","targetHints":{"allow":["GET"]}}],"collection":[{"href":"https:\/\/www.2050.it\/en\/wp-json\/wp\/v2\/pages"}],"about":[{"href":"https:\/\/www.2050.it\/en\/wp-json\/wp\/v2\/types\/page"}],"author":[{"embeddable":true,"href":"https:\/\/www.2050.it\/en\/wp-json\/wp\/v2\/users\/1"}],"replies":[{"embeddable":true,"href":"https:\/\/www.2050.it\/en\/wp-json\/wp\/v2\/comments?post=258"}],"version-history":[{"count":3,"href":"https:\/\/www.2050.it\/en\/wp-json\/wp\/v2\/pages\/258\/revisions"}],"predecessor-version":[{"id":285,"href":"https:\/\/www.2050.it\/en\/wp-json\/wp\/v2\/pages\/258\/revisions\/285"}],"wp:attachment":[{"href":"https:\/\/www.2050.it\/en\/wp-json\/wp\/v2\/media?parent=258"}],"curies":[{"name":"wp","href":"https:\/\/api.w.org\/{rel}","templated":true}]}}