{"id":286,"date":"2026-01-13T19:11:24","date_gmt":"2026-01-13T18:11:24","guid":{"rendered":"https:\/\/www.2050.it\/?page_id=286"},"modified":"2026-01-13T19:11:24","modified_gmt":"2026-01-13T18:11:24","slug":"piccola-accademia-mario-pauletto","status":"publish","type":"page","link":"https:\/\/www.2050.it\/en\/piccola-accademia-mario-pauletto\/","title":{"rendered":"Piccola Accademia Mario Pauletto"},"content":{"rendered":"<div class=\"wp-block-group alignfull is-style-ext-preset--group--natural-1--section has-background-background-color has-background has-global-padding is-layout-constrained wp-block-group-is-layout-constrained\" style=\"margin-top:0;margin-bottom:0;padding-top:var(--wp--preset--spacing--70);padding-bottom:var(--wp--preset--spacing--70)\">\n<div class=\"wp-block-columns alignwide are-vertically-aligned-top is-layout-flex wp-container-core-columns-is-layout-174606dc wp-block-columns-is-layout-flex\">\n<div class=\"wp-block-column is-vertically-aligned-top is-layout-flow wp-block-column-is-layout-flow\">\n<figure class=\"wp-block-image is-style-ext-preset--image--natural-1--image-1--content-right is-style-ext-preset--image--natural-1--image-1--content-right--2\"><img loading=\"lazy\" decoding=\"async\" width=\"1080\" height=\"1623\" src=\"https:\/\/www.2050.it\/wp-content\/uploads\/2026\/01\/image-16.jpg\" alt=\"\" class=\"wp-image-287\" style=\"aspect-ratio:1;object-fit:cover\" srcset=\"https:\/\/www.2050.it\/wp-content\/uploads\/2026\/01\/image-16.jpg 1080w, https:\/\/www.2050.it\/wp-content\/uploads\/2026\/01\/image-16-200x300.jpg 200w, https:\/\/www.2050.it\/wp-content\/uploads\/2026\/01\/image-16-681x1024.jpg 681w, https:\/\/www.2050.it\/wp-content\/uploads\/2026\/01\/image-16-768x1154.jpg 768w, https:\/\/www.2050.it\/wp-content\/uploads\/2026\/01\/image-16-1022x1536.jpg 1022w, https:\/\/www.2050.it\/wp-content\/uploads\/2026\/01\/image-16-8x12.jpg 8w\" sizes=\"auto, (max-width: 1080px) 100vw, 1080px\" \/><\/figure>\n<\/div>\n\n\n\n<div class=\"wp-block-column is-vertically-aligned-top is-layout-flow wp-block-column-is-layout-flow\">\n<div class=\"wp-block-group alignwide is-vertical is-layout-flex wp-container-core-group-is-layout-c35747d5 wp-block-group-is-layout-flex\">\n<div class=\"wp-block-group has-global-padding is-layout-constrained wp-container-core-group-is-layout-dd32767c wp-block-group-is-layout-constrained\">\n<h2 class=\"wp-block-heading\"><strong>Piccola Accademia di Arti e Scienze\u00a0 \u201cMario Pauletto\u201d<\/strong><\/h2>\n\n\n\n<p>La Piccola Accademia \u201cMario Pauletto\u201d promossa dall\u2019Associazione 2050, ha lo scopo di promuovere l\u2019educazione, la formazione e la pratica artistica e tecnologica per bambini, ragazzi e adulti. Mira a favorire la creativit\u00e0, sviluppare competenze tecniche e artistiche, spirito critico e capacit\u00e0 di collaborazione attraverso corsi, laboratori, workshop, incontri e attivit\u00e0 espositive, anche in collaborazione con altre associazioni. Il tutto in un clima sereno, in cui l\u2019apprendimento \u00e8 finalizzato allo star bene con s\u00e9 stessi e gli altri e ad esprimere la propria creativit\u00e0.<\/p>\n\n\n\n<p>L\u2019Accademia \u00e8 dedicata alla memoria e all\u2019impegno di Mario Pauletto, artista e insegnante che ha donato tempo, competenze e passione per la conoscenza e la diffusione dell\u2019arte.&nbsp;<\/p>\n\n\n\n<p>Le principali attivit\u00e0 che l&#8217;Accademia intende promuovere sono:<\/p>\n\n\n\n<ul class=\"wp-block-list\">\n<li>Corsi regolari e intensivi in: robotica educativa, coding, stampa 3D.<\/li>\n\n\n\n<li>Corsi e laboratori d\u2019arte.<\/li>\n\n\n\n<li>Progetti interdisciplinari che integrano arte e tecnologia.<\/li>\n\n\n\n<li>Mostre, open day, eventi pubblici e collaborazioni con scuole ed altre realt\u00e0 culturali e associative.<\/li>\n\n\n\n<li>Percorsi di formazione per insegnanti e operatori.<\/li>\n\n\n\n<li>Incontri pubblici.\u00a0<\/li>\n\n\n\n<li>Momenti conviviali.<\/li>\n<\/ul>\n\n\n\n<p>I principi ed i valori su cui si basa sono:<\/p>\n\n\n\n<ul class=\"wp-block-list\">\n<li>Inclusione: accessibilit\u00e0 dei percorsi a tutte le et\u00e0 e condizioni socio-economiche.<\/li>\n\n\n\n<li>Qualit\u00e0 didattica e passione: i trainer sono qualificati e amano trasferire agli altri le proprie conoscenze.<\/li>\n\n\n\n<li>Creativit\u00e0 e sperimentazione: l\u2019Accademia \u00e8 uno spazio dedicato alla ricerca, all\u2019errore e all\u2019innovazione.<\/li>\n\n\n\n<li>Comunit\u00e0: favoriamo la promozione di relazioni, la collaborazione e lo scambio culturale.<\/li>\n\n\n\n<li>Sostenibilit\u00e0: usiamo in maniera responsabile le risorse e prestiamo attenzione all\u2019impatto ambientale di quello che facciamo.<\/li>\n\n\n\n<li>Apertura: l\u2019Accademia \u00e8 aperta a chiunque voglia farne parte.<\/li>\n<\/ul>\n\n\n\n<p>Organizzazione e gestione<\/p>\n\n\n\n<ul class=\"wp-block-list\">\n<li>L\u2019Accademia \u201cMario Pauletto\u201d \u00e8 gestita dall\u2019Associazione 2050 e si avvale del lavoro delle sue socie e dei suoi soci.<\/li>\n\n\n\n<li>I ruoli, i compiti e le modalit\u00e0 di adesione sono definiti in regolamenti interni all\u2019associazione.<\/li>\n<\/ul>\n\n\n\n<p>Partecipazione e accesso<\/p>\n\n\n\n<ul class=\"wp-block-list\">\n<li>L\u2019accesso ai corsi \u00e8 consentito a fronte di un\u2019iscrizione del valore di 5 euro su base annuale all&#8217;associazione.<\/li>\n\n\n\n<li>I corsi sono a pagamento, con tariffe calcolate sulla base della copertura dei costi di gestione (docenza, affitto, riscaldamento, materiali, ecc..).<\/li>\n\n\n\n<li>Viene favorita la partecipazione attiva delle famiglie e della comunit\u00e0 locale, con particolare attenzione per famiglie e persone con minori disponibilit\u00e0. Per questo alcune attivit\u00e0 a pagamento sono gratuite per alcune fasce di utenti.<\/li>\n<\/ul>\n\n\n\n<p>Propriet\u00e0 intellettuale e utilizzo dei lavori<\/p>\n\n\n\n<ul class=\"wp-block-list\">\n<li>Gli elaborati prodotti dagli allievi possono essere esposti o pubblicati dall\u2019Accademia previo consenso dell\u2019autore o, se minorenne, dei genitori; rimangono riconosciuti i diritti morali dell\u2019autore.<\/li>\n<\/ul>\n\n\n\n<p>Durata e modifiche<\/p>\n\n\n\n<ul class=\"wp-block-list\">\n<li>Il presente manifesto pu\u00f2 essere aggiornato dall\u2019Associazione 2050 per adeguarlo alle esigenze dell\u2019Accademia.<\/li>\n<\/ul>\n\n\n\n<p>L\u2019Accademia \u201cMario Pauletto\u201d vuole essere un centro di aggregazione finali aperto, opera per coltivare talenti, accendere passioni e contribuire a costruire cittadini creativi e consapevoli, onorando l\u2019eredit\u00e0 di chi ha reso possibile questo progetto e di chi ogni giorno vi dedica tempo e passione.<\/p>\n<\/div>\n\n\n\n<div class=\"wp-block-buttons is-layout-flex wp-block-buttons-is-layout-flex\">\n<div class=\"wp-block-button is-style-ext-preset--button--natural-1--button-1 is-style-ext-preset--button--natural-1--button-1--3\"><a class=\"wp-block-button__link wp-element-button\" href=\"https:\/\/www.accademiamariopauletto.it\/\">Visita il sito<\/a><\/div>\n<\/div>\n<\/div>\n<\/div>\n<\/div>\n<\/div>","protected":false},"excerpt":{"rendered":"<p>Piccola Accademia di Arti e Scienze\u00a0 \u201cMario Pauletto\u201d La Piccola Accademia \u201cMario Pauletto\u201d promossa dall\u2019Associazione 2050, ha lo scopo di promuovere l\u2019educazione, la formazione e la pratica artistica e tecnologica per bambini, ragazzi e adulti. Mira a favorire la creativit\u00e0, sviluppare competenze tecniche e artistiche, spirito critico e capacit\u00e0 di collaborazione attraverso corsi, laboratori, workshop, [&hellip;]<\/p>\n","protected":false},"author":1,"featured_media":0,"parent":0,"menu_order":0,"comment_status":"closed","ping_status":"closed","template":"page-with-title","meta":{"_monsterinsights_skip_tracking":false,"_monsterinsights_sitenote_active":false,"_monsterinsights_sitenote_note":"","_monsterinsights_sitenote_category":0,"footnotes":""},"class_list":["post-286","page","type-page","status-publish","hentry"],"aioseo_notices":[],"yoast_head":"<!-- This site is optimized with the Yoast SEO plugin v27.4 - https:\/\/yoast.com\/product\/yoast-seo-wordpress\/ -->\n<title>Piccola Accademia Mario Pauletto -<\/title>\n<meta name=\"robots\" content=\"index, follow, max-snippet:-1, max-image-preview:large, max-video-preview:-1\" \/>\n<link rel=\"canonical\" href=\"https:\/\/www.2050.it\/en\/piccola-accademia-mario-pauletto\/\" \/>\n<meta property=\"og:locale\" content=\"en_GB\" \/>\n<meta property=\"og:type\" content=\"article\" \/>\n<meta property=\"og:title\" content=\"Piccola Accademia Mario Pauletto -\" \/>\n<meta property=\"og:description\" content=\"Piccola Accademia di Arti e Scienze\u00a0 \u201cMario Pauletto\u201d La Piccola Accademia \u201cMario Pauletto\u201d promossa dall\u2019Associazione 2050, ha lo scopo di promuovere l\u2019educazione, la formazione e la pratica artistica e tecnologica per bambini, ragazzi e adulti. Mira a favorire la creativit\u00e0, sviluppare competenze tecniche e artistiche, spirito critico e capacit\u00e0 di collaborazione attraverso corsi, laboratori, workshop, [&hellip;]\" \/>\n<meta property=\"og:url\" content=\"https:\/\/www.2050.it\/en\/piccola-accademia-mario-pauletto\/\" \/>\n<meta property=\"og:image\" content=\"https:\/\/www.2050.it\/wp-content\/uploads\/2026\/01\/image-16.jpg\" \/>\n\t<meta property=\"og:image:width\" content=\"1080\" \/>\n\t<meta property=\"og:image:height\" content=\"1623\" \/>\n\t<meta property=\"og:image:type\" content=\"image\/jpeg\" \/>\n<meta name=\"twitter:card\" content=\"summary_large_image\" \/>\n<meta name=\"twitter:label1\" content=\"Estimated reading time\" \/>\n\t<meta name=\"twitter:data1\" content=\"2 minutes\" \/>\n<script type=\"application\/ld+json\" class=\"yoast-schema-graph\">{\"@context\":\"https:\\\/\\\/schema.org\",\"@graph\":[{\"@type\":\"WebPage\",\"@id\":\"https:\\\/\\\/www.2050.it\\\/piccola-accademia-mario-pauletto\\\/\",\"url\":\"https:\\\/\\\/www.2050.it\\\/piccola-accademia-mario-pauletto\\\/\",\"name\":\"Piccola Accademia Mario Pauletto -\",\"isPartOf\":{\"@id\":\"https:\\\/\\\/www.2050.it\\\/#website\"},\"primaryImageOfPage\":{\"@id\":\"https:\\\/\\\/www.2050.it\\\/piccola-accademia-mario-pauletto\\\/#primaryimage\"},\"image\":{\"@id\":\"https:\\\/\\\/www.2050.it\\\/piccola-accademia-mario-pauletto\\\/#primaryimage\"},\"thumbnailUrl\":\"https:\\\/\\\/www.2050.it\\\/wp-content\\\/uploads\\\/2026\\\/01\\\/image-16.jpg\",\"datePublished\":\"2026-01-13T18:11:24+00:00\",\"breadcrumb\":{\"@id\":\"https:\\\/\\\/www.2050.it\\\/piccola-accademia-mario-pauletto\\\/#breadcrumb\"},\"inLanguage\":\"en-GB\",\"potentialAction\":[{\"@type\":\"ReadAction\",\"target\":[\"https:\\\/\\\/www.2050.it\\\/piccola-accademia-mario-pauletto\\\/\"]}]},{\"@type\":\"ImageObject\",\"inLanguage\":\"en-GB\",\"@id\":\"https:\\\/\\\/www.2050.it\\\/piccola-accademia-mario-pauletto\\\/#primaryimage\",\"url\":\"https:\\\/\\\/www.2050.it\\\/wp-content\\\/uploads\\\/2026\\\/01\\\/image-16.jpg\",\"contentUrl\":\"https:\\\/\\\/www.2050.it\\\/wp-content\\\/uploads\\\/2026\\\/01\\\/image-16.jpg\"},{\"@type\":\"BreadcrumbList\",\"@id\":\"https:\\\/\\\/www.2050.it\\\/piccola-accademia-mario-pauletto\\\/#breadcrumb\",\"itemListElement\":[{\"@type\":\"ListItem\",\"position\":1,\"name\":\"Home\",\"item\":\"https:\\\/\\\/www.2050.it\\\/\"},{\"@type\":\"ListItem\",\"position\":2,\"name\":\"Piccola Accademia Mario Pauletto\"}]},{\"@type\":\"WebSite\",\"@id\":\"https:\\\/\\\/www.2050.it\\\/#website\",\"url\":\"https:\\\/\\\/www.2050.it\\\/\",\"name\":\"\",\"description\":\"Just another WordPress site\",\"potentialAction\":[{\"@type\":\"SearchAction\",\"target\":{\"@type\":\"EntryPoint\",\"urlTemplate\":\"https:\\\/\\\/www.2050.it\\\/?s={search_term_string}\"},\"query-input\":{\"@type\":\"PropertyValueSpecification\",\"valueRequired\":true,\"valueName\":\"search_term_string\"}}],\"inLanguage\":\"en-GB\"}]}<\/script>\n<!-- \/ Yoast SEO plugin. -->","yoast_head_json":{"title":"Piccola Accademia Mario Pauletto -","robots":{"index":"index","follow":"follow","max-snippet":"max-snippet:-1","max-image-preview":"max-image-preview:large","max-video-preview":"max-video-preview:-1"},"canonical":"https:\/\/www.2050.it\/en\/piccola-accademia-mario-pauletto\/","og_locale":"en_GB","og_type":"article","og_title":"Piccola Accademia Mario Pauletto -","og_description":"Piccola Accademia di Arti e Scienze\u00a0 \u201cMario Pauletto\u201d La Piccola Accademia \u201cMario Pauletto\u201d promossa dall\u2019Associazione 2050, ha lo scopo di promuovere l\u2019educazione, la formazione e la pratica artistica e tecnologica per bambini, ragazzi e adulti. Mira a favorire la creativit\u00e0, sviluppare competenze tecniche e artistiche, spirito critico e capacit\u00e0 di collaborazione attraverso corsi, laboratori, workshop, [&hellip;]","og_url":"https:\/\/www.2050.it\/en\/piccola-accademia-mario-pauletto\/","og_image":[{"width":1080,"height":1623,"url":"https:\/\/www.2050.it\/wp-content\/uploads\/2026\/01\/image-16.jpg","type":"image\/jpeg"}],"twitter_card":"summary_large_image","twitter_misc":{"Estimated reading time":"2 minutes"},"schema":{"@context":"https:\/\/schema.org","@graph":[{"@type":"WebPage","@id":"https:\/\/www.2050.it\/piccola-accademia-mario-pauletto\/","url":"https:\/\/www.2050.it\/piccola-accademia-mario-pauletto\/","name":"Piccola Accademia Mario Pauletto -","isPartOf":{"@id":"https:\/\/www.2050.it\/#website"},"primaryImageOfPage":{"@id":"https:\/\/www.2050.it\/piccola-accademia-mario-pauletto\/#primaryimage"},"image":{"@id":"https:\/\/www.2050.it\/piccola-accademia-mario-pauletto\/#primaryimage"},"thumbnailUrl":"https:\/\/www.2050.it\/wp-content\/uploads\/2026\/01\/image-16.jpg","datePublished":"2026-01-13T18:11:24+00:00","breadcrumb":{"@id":"https:\/\/www.2050.it\/piccola-accademia-mario-pauletto\/#breadcrumb"},"inLanguage":"en-GB","potentialAction":[{"@type":"ReadAction","target":["https:\/\/www.2050.it\/piccola-accademia-mario-pauletto\/"]}]},{"@type":"ImageObject","inLanguage":"en-GB","@id":"https:\/\/www.2050.it\/piccola-accademia-mario-pauletto\/#primaryimage","url":"https:\/\/www.2050.it\/wp-content\/uploads\/2026\/01\/image-16.jpg","contentUrl":"https:\/\/www.2050.it\/wp-content\/uploads\/2026\/01\/image-16.jpg"},{"@type":"BreadcrumbList","@id":"https:\/\/www.2050.it\/piccola-accademia-mario-pauletto\/#breadcrumb","itemListElement":[{"@type":"ListItem","position":1,"name":"Home","item":"https:\/\/www.2050.it\/"},{"@type":"ListItem","position":2,"name":"Piccola Accademia Mario Pauletto"}]},{"@type":"WebSite","@id":"https:\/\/www.2050.it\/#website","url":"https:\/\/www.2050.it\/","name":"","description":"Just another WordPress site","potentialAction":[{"@type":"SearchAction","target":{"@type":"EntryPoint","urlTemplate":"https:\/\/www.2050.it\/?s={search_term_string}"},"query-input":{"@type":"PropertyValueSpecification","valueRequired":true,"valueName":"search_term_string"}}],"inLanguage":"en-GB"}]}},"_links":{"self":[{"href":"https:\/\/www.2050.it\/en\/wp-json\/wp\/v2\/pages\/286","targetHints":{"allow":["GET"]}}],"collection":[{"href":"https:\/\/www.2050.it\/en\/wp-json\/wp\/v2\/pages"}],"about":[{"href":"https:\/\/www.2050.it\/en\/wp-json\/wp\/v2\/types\/page"}],"author":[{"embeddable":true,"href":"https:\/\/www.2050.it\/en\/wp-json\/wp\/v2\/users\/1"}],"replies":[{"embeddable":true,"href":"https:\/\/www.2050.it\/en\/wp-json\/wp\/v2\/comments?post=286"}],"version-history":[{"count":4,"href":"https:\/\/www.2050.it\/en\/wp-json\/wp\/v2\/pages\/286\/revisions"}],"predecessor-version":[{"id":309,"href":"https:\/\/www.2050.it\/en\/wp-json\/wp\/v2\/pages\/286\/revisions\/309"}],"wp:attachment":[{"href":"https:\/\/www.2050.it\/en\/wp-json\/wp\/v2\/media?parent=286"}],"curies":[{"name":"wp","href":"https:\/\/api.w.org\/{rel}","templated":true}]}}